{"id":999,"date":"2023-09-13T14:51:49","date_gmt":"2023-09-13T17:51:49","guid":{"rendered":"https:\/\/wganalytics.com.br\/?page_id=999"},"modified":"2023-09-13T15:00:17","modified_gmt":"2023-09-13T18:00:17","slug":"fluxodecaixa","status":"publish","type":"page","link":"https:\/\/wganalytics.com.br\/?page_id=999","title":{"rendered":"Fluxodecaixa"},"content":{"rendered":"<div data-colibri-id=\"999-c1\" class=\"style-582 style-local-999-c1 position-relative\">\n  <!---->\n<div data-colibri-component=\"section\" data-colibri-id=\"999-c2\" id=\"content\" class=\"h-section h-section-global-spacing d-flex align-items-lg-center align-items-md-center align-items-center style-583 style-local-999-c2 position-relative\">\n    <!---->\n<!---->\n<div class=\"h-section-grid-container h-section-boxed-container\">\n      <!---->\n<div data-colibri-id=\"999-c3\" class=\"h-row-container gutters-row-lg-2 gutters-row-md-2 gutters-row-2 gutters-row-v-lg-2 gutters-row-v-md-2 gutters-row-v-2 style-584 style-local-999-c3 position-relative\">\n        <!---->\n<div class=\"h-row justify-content-lg-center justify-content-md-center justify-content-center align-items-lg-stretch align-items-md-stretch align-items-stretch gutters-col-lg-2 gutters-col-md-2 gutters-col-2 gutters-col-v-lg-2 gutters-col-v-md-2 gutters-col-v-2\">\n          <!---->\n<div class=\"h-column h-column-container d-flex h-col-lg-auto h-col-md-auto h-col-auto style-585-outer style-local-999-c4-outer\">\n<div data-colibri-id=\"999-c4\" class=\"d-flex h-flex-basis h-column__inner h-px-lg-0 h-px-md-0 h-px-2 v-inner-lg-0 v-inner-md-0 v-inner-2 style-585 style-local-999-c4 position-relative\">\n              <!---->\n<!---->\n<div class=\"w-100 h-y-container h-column__content h-column__v-align flex-basis-100 align-self-lg-center align-self-md-center align-self-center\">\n                <!---->\n<div data-colibri-id=\"999-c5\" class=\"h-global-transition-all h-heading style-586 style-local-999-c5 position-relative h-element\">\n                  <!---->\n<div class=\"h-heading__outer style-586 style-local-999-c5\">\n                    <!---->\n<!---->\n<h3 class=\"\">Fluxo de Caixa<\/h3>\n<\/div>\n<\/div>\n<div data-colibri-id=\"999-c6\" class=\"h-text h-text-component style-587 style-local-999-c6 position-relative h-element\">\n                  <!---->\n<!---->\n<div class=\"\">\n\nO Fluxo de Caixa permite acompanhar dia a dia a evolu\u00e7\u00e3o do caixa da empresa, suas reictas, custos e margens.\n\nPermirindo a tomada de decis\u00e3o agil e acertiva.\n\n<\/div>\n<\/div>\n<div data-colibri-id=\"999-c7\" class=\"h-x-container style-588 style-local-999-c7 position-relative h-element\">\n                  <!---->\n<div class=\"h-x-container-inner style-dynamic-999-c7-group style-588-spacing style-local-999-c7-spacing\"><span class=\"h-button__outer style-589-outer style-local-999-c8-outer d-inline-flex h-element\"><a h-use-smooth-scroll=\"true\" href=\"https:\/\/app.powerbi.com\/view?r=eyJrIjoiZmRmZTg5NWQtMTg4Yi00ZjFhLTgzOWMtZTMzNTFiNWQ2Nzg1IiwidCI6IjllNmNmMjVlLTgxZDUtNDIyNy05YWI4LWQ1ZDUwYjczNDYxNCJ9\" data-colibri-id=\"999-c8\" class=\"d-flex w-100 align-items-center h-button justify-content-lg-center justify-content-md-center justify-content-center style-589 style-local-999-c8 position-relative\"><!----><!----> <span>Fluxo de caixa<\/span><\/a>\n<\/span><\/div>\n<\/div>\n<\/div>\n<\/div>\n<\/div>\n<div class=\"h-column h-column-container d-flex h-col-lg-auto h-col-md-auto h-col-auto style-590-outer style-local-999-c9-outer\">\n<div data-colibri-id=\"999-c9\" class=\"d-flex h-flex-basis h-column__inner h-px-lg-0 h-px-md-2 h-px-0 v-inner-lg-0 v-inner-md-2 v-inner-0 style-590 style-local-999-c9 position-relative\">\n              <!---->\n<!---->\n<div class=\"w-100 h-y-container h-column__content h-column__v-align flex-basis-100 align-self-lg-center align-self-md-center align-self-center\">\n                <!---->\n<div data-colibri-id=\"999-c10\" class=\"h-text h-text-component style-591 style-local-999-c10 position-relative h-element\">\n                  <!---->\n<!---->\n<div class=\"\">\n<iframe title=\"WGA-0008 - FLUXO DE CAIXA\" width=\"600\" height=\"373.5\" src=\"https:\/\/app.powerbi.com\/view?r=eyJrIjoiZmRmZTg5NWQtMTg4Yi00ZjFhLTgzOWMtZTMzNTFiNWQ2Nzg1IiwidCI6IjllNmNmMjVlLTgxZDUtNDIyNy05YWI4LWQ1ZDUwYjczNDYxNCJ9\" frameborder=\"0\" allowFullScreen=\"true\"><\/iframe><\/div>\n<\/div>\n<\/div>\n<\/div>\n<\/div>\n<\/div>\n<\/div>\n<\/div>\n<\/div>\n<\/div>","protected":false},"excerpt":{"rendered":"<p>Fluxo de Caixa O Fluxo de Caixa permite acompanhar dia a dia a evolu\u00e7\u00e3o do caixa da empresa, suas reictas, custos e margens. Permirindo a tomada de decis\u00e3o agil e acertiva. Fluxo de caixa<\/p>\n","protected":false},"author":1,"featured_media":0,"parent":0,"menu_order":0,"comment_status":"closed","ping_status":"closed","template":"page-templates\/full-width-page.php","meta":[],"_links":{"self":[{"href":"https:\/\/wganalytics.com.br\/index.php?rest_route=\/wp\/v2\/pages\/999"}],"collection":[{"href":"https:\/\/wganalytics.com.br\/index.php?rest_route=\/wp\/v2\/pages"}],"about":[{"href":"https:\/\/wganalytics.com.br\/index.php?rest_route=\/wp\/v2\/types\/page"}],"author":[{"embeddable":true,"href":"https:\/\/wganalytics.com.br\/index.php?rest_route=\/wp\/v2\/users\/1"}],"replies":[{"embeddable":true,"href":"https:\/\/wganalytics.com.br\/index.php?rest_route=%2Fwp%2Fv2%2Fcomments&post=999"}],"version-history":[{"count":2,"href":"https:\/\/wganalytics.com.br\/index.php?rest_route=\/wp\/v2\/pages\/999\/revisions"}],"predecessor-version":[{"id":1016,"href":"https:\/\/wganalytics.com.br\/index.php?rest_route=\/wp\/v2\/pages\/999\/revisions\/1016"}],"wp:attachment":[{"href":"https:\/\/wganalytics.com.br\/index.php?rest_route=%2Fwp%2Fv2%2Fmedia&parent=999"}],"curies":[{"name":"wp","href":"https:\/\/api.w.org\/{rel}","templated":true}]}}