{"id":739,"date":"2023-07-30T08:54:48","date_gmt":"2023-07-30T11:54:48","guid":{"rendered":"https:\/\/wganalytics.com.br\/?page_id=739"},"modified":"2023-07-30T09:17:41","modified_gmt":"2023-07-30T12:17:41","slug":"producao","status":"publish","type":"page","link":"https:\/\/wganalytics.com.br\/?page_id=739","title":{"rendered":"Producao"},"content":{"rendered":"<div class=\"style-494 style-local-739-c1 position-relative\" data-colibri-id=\"739-c1\">\n<div id=\"content\" class=\"h-section h-section-global-spacing d-flex align-items-lg-center align-items-md-center align-items-center style-495 style-local-739-c2 position-relative\" data-colibri-component=\"section\" data-colibri-id=\"739-c2\">\n<div class=\"h-section-grid-container h-section-boxed-container\">\n<div class=\"h-row-container gutters-row-lg-2 gutters-row-md-2 gutters-row-2 gutters-row-v-lg-2 gutters-row-v-md-2 gutters-row-v-2 style-496 style-local-739-c3 position-relative\" data-colibri-id=\"739-c3\">\n<div class=\"h-row justify-content-lg-center justify-content-md-center justify-content-center align-items-lg-stretch align-items-md-stretch align-items-stretch gutters-col-lg-2 gutters-col-md-2 gutters-col-2 gutters-col-v-lg-2 gutters-col-v-md-2 gutters-col-v-2\">\n<div class=\"h-column h-column-container d-flex h-col-lg-auto h-col-md-auto h-col-auto style-497-outer style-local-739-c4-outer\">\n<div class=\"d-flex h-flex-basis h-column__inner h-px-lg-0 h-px-md-0 h-px-2 v-inner-lg-0 v-inner-md-0 v-inner-2 style-497 style-local-739-c4 position-relative\" data-colibri-id=\"739-c4\">\n<div class=\"w-100 h-y-container h-column__content h-column__v-align flex-basis-100 align-self-lg-center align-self-md-center align-self-center\">\n<div class=\"h-global-transition-all h-heading style-498 style-local-739-c5 position-relative h-element\" data-colibri-id=\"739-c5\">\n<div class=\"h-heading__outer style-498 style-local-739-c5\">\n<h3 class=\"\">Gest\u00e3o de Produ\u00e7\u00e3o<\/h3>\n<\/div>\n<\/div>\n<div class=\"h-text h-text-component style-499 style-local-739-c6 position-relative h-element\" data-colibri-id=\"739-c6\">\n<div class=\"\">\n\nA analise de dados com KPI&#8217;s na gest\u00e3o da produ\u00e7\u00e3o \u00e9 uma estrategia indidspens\u00e1vel para empresas que buscam m\u00e1ximizar\u00a0eficie\u00eancia, reduzir custos e se destacar em mercado cada vez mais competitivo.\n\n<\/div>\n<\/div>\n<div class=\"h-x-container style-500 style-local-739-c7 position-relative h-element\" data-colibri-id=\"739-c7\">\n<div class=\"h-x-container-inner style-dynamic-739-c7-group style-500-spacing style-local-739-c7-spacing\"><span class=\"h-button__outer style-501-outer style-local-739-c8-outer d-inline-flex h-element\"><a class=\"d-flex w-100 align-items-center h-button justify-content-lg-center justify-content-md-center justify-content-center style-501 style-local-739-c8 position-relative\" href=\"https:\/\/app.powerbi.com\/view?r=eyJrIjoiZWIwYzE5YjItNTc5Yy00ZTA0LTgzOGEtNWM1MTIyNmNhZDM1IiwidCI6IjllNmNmMjVlLTgxZDUtNDIyNy05YWI4LWQ1ZDUwYjczNDYxNCJ9\" data-colibri-id=\"739-c8\"> Gest\u00e3o de Produ\u00e7\u00e3o<\/a>\n<\/span><\/div>\n<\/div>\n<\/div>\n<\/div>\n<\/div>\n<div class=\"h-column h-column-container d-flex h-col-lg-auto h-col-md-auto h-col-auto style-502-outer style-local-739-c9-outer\">\n<div class=\"d-flex h-flex-basis h-column__inner h-px-lg-0 h-px-md-2 h-px-0 v-inner-lg-0 v-inner-md-2 v-inner-0 style-502 style-local-739-c9 position-relative\" data-colibri-id=\"739-c9\">\n<div class=\"w-100 h-y-container h-column__content h-column__v-align flex-basis-100 align-self-lg-center align-self-md-center align-self-center\">\n<div class=\"h-text h-text-component style-503 style-local-739-c10 position-relative h-element\" data-colibri-id=\"739-c10\">\n<div class=\"\">\n\n<iframe title=\"Report Section\" width=\"600\" height=\"373.5\" src=\"https:\/\/app.powerbi.com\/view?r=eyJrIjoiZWIwYzE5YjItNTc5Yy00ZTA0LTgzOGEtNWM1MTIyNmNhZDM1IiwidCI6IjllNmNmMjVlLTgxZDUtNDIyNy05YWI4LWQ1ZDUwYjczNDYxNCJ9\" frameborder=\"0\" allowFullScreen=\"true\"><\/iframe>\n\n<\/div>\n<\/div>\n<\/div>\n<\/div>\n<\/div>\n<\/div>\n<\/div>\n<\/div>\n<\/div>\n<\/div>","protected":false},"excerpt":{"rendered":"<p>Gest\u00e3o de Produ\u00e7\u00e3o A analise de dados com KPI&#8217;s na gest\u00e3o da produ\u00e7\u00e3o \u00e9 uma estrategia indidspens\u00e1vel para empresas que buscam m\u00e1ximizar\u00a0eficie\u00eancia, reduzir custos e se destacar em mercado cada vez mais competitivo. Gest\u00e3o de Produ\u00e7\u00e3o<\/p>\n","protected":false},"author":1,"featured_media":0,"parent":0,"menu_order":0,"comment_status":"closed","ping_status":"closed","template":"page-templates\/full-width-page.php","meta":[],"_links":{"self":[{"href":"https:\/\/wganalytics.com.br\/index.php?rest_route=\/wp\/v2\/pages\/739"}],"collection":[{"href":"https:\/\/wganalytics.com.br\/index.php?rest_route=\/wp\/v2\/pages"}],"about":[{"href":"https:\/\/wganalytics.com.br\/index.php?rest_route=\/wp\/v2\/types\/page"}],"author":[{"embeddable":true,"href":"https:\/\/wganalytics.com.br\/index.php?rest_route=\/wp\/v2\/users\/1"}],"replies":[{"embeddable":true,"href":"https:\/\/wganalytics.com.br\/index.php?rest_route=%2Fwp%2Fv2%2Fcomments&post=739"}],"version-history":[{"count":3,"href":"https:\/\/wganalytics.com.br\/index.php?rest_route=\/wp\/v2\/pages\/739\/revisions"}],"predecessor-version":[{"id":759,"href":"https:\/\/wganalytics.com.br\/index.php?rest_route=\/wp\/v2\/pages\/739\/revisions\/759"}],"wp:attachment":[{"href":"https:\/\/wganalytics.com.br\/index.php?rest_route=%2Fwp%2Fv2%2Fmedia&parent=739"}],"curies":[{"name":"wp","href":"https:\/\/api.w.org\/{rel}","templated":true}]}}