{"id":652,"date":"2023-05-30T17:10:41","date_gmt":"2023-05-30T20:10:41","guid":{"rendered":"https:\/\/wganalytics.com.br\/?page_id=652"},"modified":"2023-05-30T17:35:45","modified_gmt":"2023-05-30T20:35:45","slug":"logistica","status":"publish","type":"page","link":"https:\/\/wganalytics.com.br\/?page_id=652","title":{"rendered":"Logistica"},"content":{"rendered":"<div class=\"style-465 style-local-652-c1 position-relative\" data-colibri-id=\"652-c1\">\n<div id=\"content\" class=\"h-section h-section-global-spacing d-flex align-items-lg-center align-items-md-center align-items-center style-466 style-local-652-c2 position-relative\" data-colibri-component=\"section\" data-colibri-id=\"652-c2\">\n<div class=\"h-section-grid-container h-section-boxed-container\">\n<div class=\"h-row-container gutters-row-lg-2 gutters-row-md-2 gutters-row-2 gutters-row-v-lg-2 gutters-row-v-md-2 gutters-row-v-2 style-467 style-local-652-c3 position-relative\" data-colibri-id=\"652-c3\">\n<div class=\"h-row justify-content-lg-center justify-content-md-center justify-content-center align-items-lg-stretch align-items-md-stretch align-items-stretch gutters-col-lg-2 gutters-col-md-2 gutters-col-2 gutters-col-v-lg-2 gutters-col-v-md-2 gutters-col-v-2\">\n<div class=\"h-column h-column-container d-flex h-col-lg-auto h-col-md-auto h-col-auto style-468-outer style-local-652-c4-outer\">\n<div class=\"d-flex h-flex-basis h-column__inner h-px-lg-0 h-px-md-0 h-px-2 v-inner-lg-0 v-inner-md-0 v-inner-2 style-468 style-local-652-c4 position-relative\" data-colibri-id=\"652-c4\">\n<div class=\"w-100 h-y-container h-column__content h-column__v-align flex-basis-100 align-self-lg-center align-self-md-center align-self-center\">\n<div class=\"h-global-transition-all h-heading style-469 style-local-652-c5 position-relative h-element\" data-colibri-id=\"652-c5\">\n<div class=\"h-heading__outer style-469 style-local-652-c5\">\n<h3 class=\"\">Gest\u00e3o de Frota<\/h3>\n<\/div>\n<\/div>\n<div class=\"h-text h-text-component style-470 style-local-652-c6 position-relative h-element\" data-colibri-id=\"652-c6\">\n<div class=\"\">\n\nPodemos compreender a din\u00e2mica de funcionamento de transportes verificando seus principais KPIs, podento utilizar estas m\u00e9tricas para tomada de descis\u00e3o.\n\n<\/div>\n<\/div>\n<div class=\"h-x-container style-471 style-local-652-c7 position-relative h-element\" data-colibri-id=\"652-c7\">\n<div class=\"h-x-container-inner style-dynamic-652-c7-group style-471-spacing style-local-652-c7-spacing\"><span class=\"h-button__outer style-472-outer style-local-652-c8-outer d-inline-flex h-element\"><a class=\"d-flex w-100 align-items-center h-button justify-content-lg-center justify-content-md-center justify-content-center style-472 style-local-652-c8 position-relative\" href=\"https:\/\/app.powerbi.com\/view?r=eyJrIjoiYzFmZTNmZGYtNGM2ZS00NWJjLWI5YWUtYzRiZjFjODFlZjJkIiwidCI6IjllNmNmMjVlLTgxZDUtNDIyNy05YWI4LWQ1ZDUwYjczNDYxNCJ9\" data-colibri-id=\"652-c8\"> Gest\u00e3o de Frota<\/a>\n<\/span><\/div>\n<\/div>\n<\/div>\n<\/div>\n<\/div>\n<div class=\"h-column h-column-container d-flex h-col-lg-auto h-col-md-auto h-col-auto style-473-outer style-local-652-c9-outer\">\n<div class=\"d-flex h-flex-basis h-column__inner h-px-lg-0 h-px-md-2 h-px-0 v-inner-lg-0 v-inner-md-2 v-inner-0 style-473 style-local-652-c9 position-relative\" data-colibri-id=\"652-c9\">\n<div class=\"w-100 h-y-container h-column__content h-column__v-align flex-basis-100 align-self-lg-center align-self-md-center align-self-center\">\n<div class=\"h-text h-text-component style-474 style-local-652-c10 position-relative h-element\" data-colibri-id=\"652-c10\">\n<div class=\"\">\n\n<iframe title=\"Report Section\" width=\"800\" height=\"636\" src=\"https:\/\/app.powerbi.com\/view?r=eyJrIjoiYzFmZTNmZGYtNGM2ZS00NWJjLWI5YWUtYzRiZjFjODFlZjJkIiwidCI6IjllNmNmMjVlLTgxZDUtNDIyNy05YWI4LWQ1ZDUwYjczNDYxNCJ9\" frameborder=\"0\" allowFullScreen=\"true\"><\/iframe>\n\n<\/div>\n<\/div>\n<\/div>\n<\/div>\n<\/div>\n<\/div>\n<\/div>\n<\/div>\n<\/div>\n<\/div>","protected":false},"excerpt":{"rendered":"<p>Gest\u00e3o de Frota Podemos compreender a din\u00e2mica de funcionamento de transportes verificando seus principais KPIs, podento utilizar estas m\u00e9tricas para tomada de descis\u00e3o. Gest\u00e3o de Frota<\/p>\n","protected":false},"author":1,"featured_media":0,"parent":0,"menu_order":0,"comment_status":"closed","ping_status":"closed","template":"page-templates\/full-width-page.php","meta":[],"_links":{"self":[{"href":"https:\/\/wganalytics.com.br\/index.php?rest_route=\/wp\/v2\/pages\/652"}],"collection":[{"href":"https:\/\/wganalytics.com.br\/index.php?rest_route=\/wp\/v2\/pages"}],"about":[{"href":"https:\/\/wganalytics.com.br\/index.php?rest_route=\/wp\/v2\/types\/page"}],"author":[{"embeddable":true,"href":"https:\/\/wganalytics.com.br\/index.php?rest_route=\/wp\/v2\/users\/1"}],"replies":[{"embeddable":true,"href":"https:\/\/wganalytics.com.br\/index.php?rest_route=%2Fwp%2Fv2%2Fcomments&post=652"}],"version-history":[{"count":3,"href":"https:\/\/wganalytics.com.br\/index.php?rest_route=\/wp\/v2\/pages\/652\/revisions"}],"predecessor-version":[{"id":678,"href":"https:\/\/wganalytics.com.br\/index.php?rest_route=\/wp\/v2\/pages\/652\/revisions\/678"}],"wp:attachment":[{"href":"https:\/\/wganalytics.com.br\/index.php?rest_route=%2Fwp%2Fv2%2Fmedia&parent=652"}],"curies":[{"name":"wp","href":"https:\/\/api.w.org\/{rel}","templated":true}]}}