{"id":487,"date":"2023-05-10T08:21:58","date_gmt":"2023-05-10T11:21:58","guid":{"rendered":"https:\/\/wganalytics.com.br\/?page_id=487"},"modified":"2023-09-13T14:54:13","modified_gmt":"2023-09-13T17:54:13","slug":"industriallogistica","status":"publish","type":"page","link":"https:\/\/wganalytics.com.br\/?page_id=487","title":{"rendered":"Industria&#038;Logistica"},"content":{"rendered":"<div data-colibri-id=\"487-c1\" class=\"style-561 style-local-487-c1 position-relative\">\n  <!---->\n<div data-colibri-component=\"section\" data-colibri-id=\"487-c2\" id=\"content\" class=\"h-section h-section-global-spacing d-flex align-items-lg-center align-items-md-center align-items-center style-562 style-local-487-c2 position-relative\">\n    <!---->\n<!---->\n<div class=\"h-section-grid-container h-section-boxed-container\">\n      <!---->\n<div data-colibri-id=\"487-c3\" class=\"h-row-container gutters-row-lg-2 gutters-row-md-2 gutters-row-2 gutters-row-v-lg-2 gutters-row-v-md-2 gutters-row-v-2 style-563 style-local-487-c3 position-relative\">\n        <!---->\n<div class=\"h-row justify-content-lg-center justify-content-md-center justify-content-center align-items-lg-stretch align-items-md-stretch align-items-stretch gutters-col-lg-2 gutters-col-md-2 gutters-col-2 gutters-col-v-lg-2 gutters-col-v-md-2 gutters-col-v-2\">\n          <!---->\n<div class=\"h-column h-column-container d-flex h-col-lg-auto h-col-md-auto h-col-auto style-564-outer style-local-487-c4-outer\">\n<div data-colibri-id=\"487-c4\" class=\"d-flex h-flex-basis h-column__inner h-px-lg-0 h-px-md-0 h-px-2 v-inner-lg-0 v-inner-md-0 v-inner-2 style-564 style-local-487-c4 position-relative\">\n              <!---->\n<!---->\n<div class=\"w-100 h-y-container h-column__content h-column__v-align flex-basis-100 align-self-lg-center align-self-md-center align-self-center\">\n                <!---->\n<div data-colibri-id=\"487-c5\" class=\"h-global-transition-all h-heading style-565 style-local-487-c5 position-relative h-element\">\n                  <!---->\n<div class=\"h-heading__outer style-565 style-local-487-c5\">\n                    <!---->\n<!---->\n<h3 class=\"\">Gest\u00e3o de Projetos<\/h3>\n<\/div>\n<\/div>\n<div data-colibri-id=\"487-c6\" class=\"h-text h-text-component style-566 style-local-487-c6 position-relative h-element\">\n                  <!---->\n<!---->\n<div class=\"\">\n\nEm muitas empresas de diversas cadeias produtivas \u00e9 comum varios projetos sendo executados ao mesmo tempo, este \u00e9 um exemplo de como podemos acompanhar a analisar os projetos.\n\n<\/div>\n<\/div>\n<div data-colibri-id=\"487-c7\" class=\"h-x-container style-567 style-local-487-c7 position-relative h-element\">\n                  <!---->\n<div class=\"h-x-container-inner style-dynamic-487-c7-group style-567-spacing style-local-487-c7-spacing\"><span class=\"h-button__outer style-568-outer style-local-487-c8-outer d-inline-flex h-element\"><a h-use-smooth-scroll=\"true\" href=\"https:\/\/app.powerbi.com\/view?r=eyJrIjoiOTU2YWI2MWMtYzIzZS00MDc3LWI4MDktNjVmOWYyMjFjNWNmIiwidCI6IjllNmNmMjVlLTgxZDUtNDIyNy05YWI4LWQ1ZDUwYjczNDYxNCJ9\" data-colibri-id=\"487-c8\" class=\"d-flex w-100 align-items-center h-button justify-content-lg-center justify-content-md-center justify-content-center style-568 style-local-487-c8 position-relative\"><!----><!----> <span>Gest\u00e3o de Projetos<\/span><\/a>\n<\/span><\/div>\n<\/div>\n<\/div>\n<\/div>\n<\/div>\n<div class=\"h-column h-column-container d-flex h-col-lg-auto h-col-md-auto h-col-auto style-569-outer style-local-487-c9-outer\">\n<div data-colibri-id=\"487-c9\" class=\"d-flex h-flex-basis h-column__inner h-px-lg-0 h-px-md-2 h-px-0 v-inner-lg-0 v-inner-md-2 v-inner-0 style-569 style-local-487-c9 position-relative\">\n              <!---->\n<!---->\n<div class=\"w-100 h-y-container h-column__content h-column__v-align flex-basis-100 align-self-lg-center align-self-md-center align-self-center\">\n                <!---->\n<div data-colibri-id=\"487-c10\" class=\"h-text h-text-component style-581 style-local-487-c10 position-relative h-element\">\n                  <!---->\n<!---->\n<div class=\"\">\n<iframe title=\"Report Section\" width=\"800\" height=\"486\" src=\"https:\/\/app.powerbi.com\/view?r=eyJrIjoiOTU2YWI2MWMtYzIzZS00MDc3LWI4MDktNjVmOWYyMjFjNWNmIiwidCI6IjllNmNmMjVlLTgxZDUtNDIyNy05YWI4LWQ1ZDUwYjczNDYxNCJ9\" frameborder=\"0\" allowFullScreen=\"true\"><\/iframe><\/div>\n<\/div>\n<\/div>\n<\/div>\n<\/div>\n<\/div>\n<\/div>\n<\/div>\n<\/div>\n<\/div>","protected":false},"excerpt":{"rendered":"<p>Gest\u00e3o de Projetos Em muitas empresas de diversas cadeias produtivas \u00e9 comum varios projetos sendo executados ao mesmo tempo, este \u00e9 um exemplo de como podemos acompanhar a analisar os projetos. Gest\u00e3o de Projetos<\/p>\n","protected":false},"author":1,"featured_media":0,"parent":0,"menu_order":0,"comment_status":"closed","ping_status":"closed","template":"page-templates\/full-width-page.php","meta":[],"_links":{"self":[{"href":"https:\/\/wganalytics.com.br\/index.php?rest_route=\/wp\/v2\/pages\/487"}],"collection":[{"href":"https:\/\/wganalytics.com.br\/index.php?rest_route=\/wp\/v2\/pages"}],"about":[{"href":"https:\/\/wganalytics.com.br\/index.php?rest_route=\/wp\/v2\/types\/page"}],"author":[{"embeddable":true,"href":"https:\/\/wganalytics.com.br\/index.php?rest_route=\/wp\/v2\/users\/1"}],"replies":[{"embeddable":true,"href":"https:\/\/wganalytics.com.br\/index.php?rest_route=%2Fwp%2Fv2%2Fcomments&post=487"}],"version-history":[{"count":20,"href":"https:\/\/wganalytics.com.br\/index.php?rest_route=\/wp\/v2\/pages\/487\/revisions"}],"predecessor-version":[{"id":1007,"href":"https:\/\/wganalytics.com.br\/index.php?rest_route=\/wp\/v2\/pages\/487\/revisions\/1007"}],"wp:attachment":[{"href":"https:\/\/wganalytics.com.br\/index.php?rest_route=%2Fwp%2Fv2%2Fmedia&parent=487"}],"curies":[{"name":"wp","href":"https:\/\/api.w.org\/{rel}","templated":true}]}}