{"id":40,"date":"2023-04-26T11:51:17","date_gmt":"2023-04-26T14:51:17","guid":{"rendered":"https:\/\/wganalytics.com.br\/?page_id=40"},"modified":"2024-06-11T15:06:54","modified_gmt":"2024-06-11T18:06:54","slug":"colibri-wp","status":"publish","type":"page","link":"https:\/\/wganalytics.com.br\/","title":{"rendered":"Front Page"},"content":{"rendered":"<div data-colibri-id=\"40-c1\" class=\"style-189 style-local-40-c1 position-relative\">\n  <!---->\n  <div data-colibri-component=\"section\" data-colibri-id=\"40-c2\" id=\"overlappable\" class=\"h-section h-section-global-spacing d-flex align-items-lg-center align-items-md-center align-items-center style-190 style-local-40-c2 position-relative\">\n    <!---->\n    <!---->\n    <div class=\"h-section-grid-container h-section-boxed-container\">\n      <!---->\n      <div data-colibri-id=\"40-c3\" class=\"h-row-container gutters-row-lg-0 gutters-row-md-0 gutters-row-2 gutters-row-v-lg-2 gutters-row-v-md-2 gutters-row-v-2 style-191 style-local-40-c3 position-relative\">\n        <!---->\n        <div class=\"h-row justify-content-lg-center justify-content-md-center justify-content-center align-items-lg-stretch align-items-md-stretch align-items-stretch gutters-col-lg-0 gutters-col-md-0 gutters-col-2 gutters-col-v-lg-2 gutters-col-v-md-2 gutters-col-v-2\">\n          <!---->\n          <div class=\"h-column h-column-container d-flex h-col-lg-3 h-col-md-3 h-col-12 style-192-outer style-local-40-c4-outer\">\n            <div data-colibri-id=\"40-c4\" class=\"d-flex h-flex-basis h-column__inner h-px-lg-3 h-px-md-3 h-px-2 v-inner-lg-3 v-inner-md-3 v-inner-2 style-192 style-local-40-c4 position-relative\">\n              <!---->\n              <!---->\n              <div class=\"w-100 h-y-container h-column__content h-column__v-align flex-basis-100 align-self-lg-center align-self-md-center align-self-center\">\n                <!---->\n                <div data-colibri-id=\"40-c5\" class=\"h-icon style-193 style-local-40-c5 position-relative h-element\">\n                  <!----><span class=\"h-svg-icon h-icon__icon style-193-icon style-local-40-c5-icon\"><!--Icon by Font Awesome (https:\/\/fontawesome.com)-->\n    <svg version=\"1.1\" xmlns=\"http:\/\/www.w3.org\/2000\/svg\" xmlns:xlink=\"http:\/\/www.w3.org\/1999\/xlink\" id=\"database\" viewBox=\"0 0 1542.7035 1896.0833\">\n      <path d=\"M768 768q237 0 443-43t325-127v170q0 69-103 128t-280 93.5-385 34.5-385-34.5T103 896 0 768V598q119 84 325 127t443 43zm0 768q237 0 443-43t325-127v170q0 69-103 128t-280 93.5-385 34.5-385-34.5-280-93.5T0 1536v-170q119 84 325 127t443 43zm0-384q237 0 443-43t325-127v170q0 69-103 128t-280 93.5-385 34.5-385-34.5-280-93.5T0 1152V982q119 84 325 127t443 43zM768 0q208 0 385 34.5t280 93.5 103 128v128q0 69-103 128t-280 93.5T768 640t-385-34.5T103 512 0 384V256q0-69 103-128t280-93.5T768 0z\"><\/path>\n    <\/svg><\/span><\/div>\n                <div data-colibri-id=\"40-c6\" class=\"h-global-transition-all h-heading style-194 style-local-40-c6 position-relative h-element\">\n                  <!---->\n                  <div class=\"h-heading__outer style-194 style-local-40-c6\">\n                    <!---->\n                    <!---->\n                    <h5 class=\"\">FONTES DE DADOS&nbsp;<\/h5>\n                  <\/div>\n                <\/div>\n                <div data-colibri-id=\"40-c7\" class=\"h-text h-text-component style-195 style-local-40-c7 position-relative h-element\">\n                  <!---->\n                  <!---->\n                  <div class=\"\">\n                    <p>Podemos obter os dados das mais diversas fontes desde base de dados, planilhas, API at\u00e9 minera\u00e7\u00e3o de dados na Web<\/p>\n                  <\/div>\n                <\/div>\n              <\/div>\n            <\/div>\n          <\/div>\n          <div class=\"h-column h-column-container d-flex h-col-lg-3 h-col-md-3 h-col-12 style-192-outer style-local-40-c8-outer\">\n            <div data-colibri-id=\"40-c8\" class=\"d-flex h-flex-basis h-column__inner h-px-lg-3 h-px-md-3 h-px-2 v-inner-lg-3 v-inner-md-3 v-inner-2 style-192 style-local-40-c8 position-relative\">\n              <!---->\n              <!---->\n              <div class=\"w-100 h-y-container h-column__content h-column__v-align flex-basis-100 align-self-lg-center align-self-md-center align-self-center\">\n                <!---->\n                <div data-colibri-id=\"40-c9\" class=\"h-icon style-193 style-local-40-c9 position-relative h-element\">\n                  <!----><span class=\"h-svg-icon h-icon__icon style-193-icon style-local-40-c9-icon\"><!--Icon by Font Awesome (https:\/\/fontawesome.com)-->\n    <svg version=\"1.1\" xmlns=\"http:\/\/www.w3.org\/2000\/svg\" xmlns:xlink=\"http:\/\/www.w3.org\/1999\/xlink\" id=\"gears\" viewBox=\"0 0 1920 1896.0833\">\n      <path d=\"M896 896q0-106-75-181t-181-75-181 75-75 181 75 181 181 75 181-75 75-181zm768 512q0-52-38-90t-90-38-90 38-38 90q0 53 37.5 90.5t90.5 37.5 90.5-37.5 37.5-90.5zm0-1024q0-52-38-90t-90-38-90 38-38 90q0 53 37.5 90.5T1536 512t90.5-37.5T1664 384zm-384 421v185q0 10-7 19.5t-16 10.5l-155 24q-11 35-32 76 34 48 90 115 7 11 7 20 0 12-7 19-23 30-82.5 89.5T999 1423q-11 0-21-7l-115-90q-37 19-77 31-11 108-23 155-7 24-30 24H547q-11 0-20-7.5t-10-17.5l-23-153q-34-10-75-31l-118 89q-7 7-20 7-11 0-21-8-144-133-144-160 0-9 7-19 10-14 41-53t47-61q-23-44-35-82l-152-24q-10-1-17-9.5T0 987V802q0-10 7-19.5T23 772l155-24q11-35 32-76-34-48-90-115-7-11-7-20 0-12 7-20 22-30 82-89t79-59q11 0 21 7l115 90q34-18 77-32 11-108 23-154 7-24 30-24h186q11 0 20 7.5t10 17.5l23 153q34 10 75 31l118-89q8-7 20-7 11 0 21 8 144 133 144 160 0 8-7 19-12 16-42 54t-45 60q23 48 34 82l152 23q10 2 17 10.5t7 19.5zm640 533v140q0 16-149 31-12 27-30 52 51 113 51 138 0 4-4 7-122 71-124 71-8 0-46-47t-52-68q-20 2-30 2t-30-2q-14 21-52 68t-46 47q-2 0-124-71-4-3-4-7 0-25 51-138-18-25-30-52-149-15-149-31v-140q0-16 149-31 13-29 30-52-51-113-51-138 0-4 4-7 4-2 35-20t59-34 30-16q8 0 46 46.5t52 67.5q20-2 30-2t30 2q51-71 92-112l6-2q4 0 124 70 4 3 4 7 0 25-51 138 17 23 30 52 149 15 149 31zm0-1024v140q0 16-149 31-12 27-30 52 51 113 51 138 0 4-4 7-122 71-124 71-8 0-46-47t-52-68q-20 2-30 2t-30-2q-14 21-52 68t-46 47q-2 0-124-71-4-3-4-7 0-25 51-138-18-25-30-52-149-15-149-31V314q0-16 149-31 13-29 30-52-51-113-51-138 0-4 4-7 4-2 35-20t59-34 30-16q8 0 46 46.5t52 67.5q20-2 30-2t30 2q51-71 92-112l6-2q4 0 124 70 4 3 4 7 0 25-51 138 17 23 30 52 149 15 149 31z\"><\/path>\n    <\/svg><\/span><\/div>\n                <div data-colibri-id=\"40-c10\" class=\"h-global-transition-all h-heading style-194 style-local-40-c10 position-relative h-element\">\n                  <!---->\n                  <div class=\"h-heading__outer style-194 style-local-40-c10\">\n                    <!---->\n                    <!---->\n                    <h5 class=\"\">ETL<\/h5>\n                  <\/div>\n                <\/div>\n                <div data-colibri-id=\"40-c11\" class=\"h-text h-text-component style-195 style-local-40-c11 position-relative h-element\">\n                  <!---->\n                  <!---->\n                  <div class=\"\">\n                    <p>Neste processo realizamos a extra\u00e7\u00e3o do dado, depois o transformamos e por fim realizamos a carga dos dados.<\/p>\n                  <\/div>\n                <\/div>\n              <\/div>\n            <\/div>\n          <\/div>\n          <div class=\"h-column h-column-container d-flex h-col-lg-3 h-col-md-3 h-col-12 style-192-outer style-local-40-c12-outer\">\n            <div data-colibri-id=\"40-c12\" class=\"d-flex h-flex-basis h-column__inner h-px-lg-3 h-px-md-3 h-px-2 v-inner-lg-3 v-inner-md-3 v-inner-2 style-192 style-local-40-c12 position-relative\">\n              <!---->\n              <!---->\n              <div class=\"w-100 h-y-container h-column__content h-column__v-align flex-basis-100 align-self-lg-center align-self-md-center align-self-center\">\n                <!---->\n                <div data-colibri-id=\"40-c13\" class=\"h-icon style-193 style-local-40-c13 position-relative h-element\">\n                  <!----><span class=\"h-svg-icon h-icon__icon style-193-icon style-local-40-c13-icon\"><!--Icon by Icons8 Line Awesome (https:\/\/icons8.com\/line-awesome)--><svg version=\"1.1\" xmlns=\"http:\/\/www.w3.org\/2000\/svg\" xmlns:xlink=\"http:\/\/www.w3.org\/1999\/xlink\" id=\"cubes\" viewBox=\"0 0 512 545.5\"><path d=\"M256 96l6 2.5 96 38.5 10 4v107.5l86.5 37.5 9.5 4.5v129l-8 5-96 53.5-7.5 4-7.5-3.5-89-44.5-89 44.5-7.5 3.5-7.5-4-96-53.5-8-5v-129l9.5-4.5 86.5-37.5V141l10-4 96-38.5zm0 35l-52.5 20.5L256 172l52.5-20.5zm-80 44v74l64 28.5v-78zm160 0l-64 24.5v78l64-28.5v-74zM160 277l-58 25 58 29 58-28.5zm192 0l-40 17.5-18 8 58 28.5 58-29zM80 326.5V401l64 36v-78.5zm352 0l-64 32V437l64-36v-74.5zm-192 1l-64 31V438l64-32v-78.5zm32 0V406l64 32v-79.5z\"><\/path><\/svg><\/span><\/div>\n                <div\n                  data-colibri-id=\"40-c14\" class=\"h-global-transition-all h-heading style-194 style-local-40-c14 position-relative h-element\">\n                  <!---->\n                  <div class=\"h-heading__outer style-194 style-local-40-c14\">\n                    <!---->\n                    <!---->\n                    <h5 class=\"\">MODELing<\/h5>\n                  <\/div>\n              <\/div>\n              <div data-colibri-id=\"40-c15\" class=\"h-text h-text-component style-195 style-local-40-c15 position-relative h-element\">\n                <!---->\n                <!---->\n                <div class=\"\">\n                  <p>Na Modelagem definimos as conex\u00f5es entre os dados de diversas \u00e1reas de forma garantir vis\u00f5es eficientes.<\/p>\n                <\/div>\n              <\/div>\n            <\/div>\n          <\/div>\n        <\/div>\n        <div class=\"h-column h-column-container d-flex h-col-lg-3 h-col-md-3 h-col-12 style-196-outer style-local-40-c16-outer\">\n          <div data-colibri-id=\"40-c16\" class=\"d-flex h-flex-basis h-column__inner h-px-lg-3 h-px-md-3 h-px-2 v-inner-lg-3 v-inner-md-3 v-inner-2 style-196 style-local-40-c16 position-relative\">\n            <!---->\n            <!---->\n            <div class=\"w-100 h-y-container h-column__content h-column__v-align flex-basis-100 align-self-lg-center align-self-md-center align-self-center\">\n              <!---->\n              <div data-colibri-id=\"40-c17\" class=\"h-icon style-193 style-local-40-c17 position-relative h-element\">\n                <!----><span class=\"h-svg-icon h-icon__icon style-193-icon style-local-40-c17-icon\"><!--Icon by Font Awesome (https:\/\/fontawesome.com)-->\n    <svg version=\"1.1\" xmlns=\"http:\/\/www.w3.org\/2000\/svg\" xmlns:xlink=\"http:\/\/www.w3.org\/1999\/xlink\" id=\"bar-chart\" viewBox=\"0 0 2048 1896.0833\">\n      <path d=\"M640 896v512H384V896h256zm384-512v1024H768V384h256zm1024 1152v128H0V128h128v1408h1920zm-640-896v768h-256V640h256zm384-384v1152h-256V256h256z\"><\/path>\n    <\/svg><\/span><\/div>\n              <div data-colibri-id=\"40-c18\" class=\"h-global-transition-all h-heading style-194 style-local-40-c18 position-relative h-element\">\n                <!---->\n                <div class=\"h-heading__outer style-194 style-local-40-c18\">\n                  <!---->\n                  <!---->\n                  <h5 class=\"\">dashboard<\/h5>\n                <\/div>\n              <\/div>\n              <div data-colibri-id=\"40-c19\" class=\"h-text h-text-component style-195 style-local-40-c19 position-relative h-element\">\n                <!---->\n                <!---->\n                <div class=\"\">\n                  <p><span style=\"color: rgb(70, 112, 127); font-family: &quot;Open Sans&quot;; font-size: 16px; font-weight: 400;\">O D<\/span>ashboard<span style=\"color: rgb(70, 112, 127); font-family: &quot;Open Sans&quot;; font-size: 16px; font-weight: 400;\">s apresentam os resultados das informa\u00e7\u00f5es coletadas tratadas e ajustadas de forma a fornecer suporte para tomada de decis\u00e3o.<\/span><\/p>\n                <\/div>\n              <\/div>\n            <\/div>\n          <\/div>\n        <\/div>\n      <\/div>\n    <\/div>\n  <\/div>\n<\/div>\n<\/div>","protected":false},"excerpt":{"rendered":"<p>FONTES DE DADOS&nbsp; Podemos obter os dados das mais diversas fontes desde base de dados, planilhas, API at\u00e9 minera\u00e7\u00e3o de dados na Web ETL Neste processo realizamos a extra\u00e7\u00e3o do dado, depois o transformamos e por fim realizamos a carga dos dados. MODELing Na Modelagem definimos as conex\u00f5es entre os dados de diversas \u00e1reas de [&hellip;]<\/p>\n","protected":false},"author":1,"featured_media":0,"parent":0,"menu_order":0,"comment_status":"closed","ping_status":"closed","template":"page-templates\/homepage.php","meta":[],"_links":{"self":[{"href":"https:\/\/wganalytics.com.br\/index.php?rest_route=\/wp\/v2\/pages\/40"}],"collection":[{"href":"https:\/\/wganalytics.com.br\/index.php?rest_route=\/wp\/v2\/pages"}],"about":[{"href":"https:\/\/wganalytics.com.br\/index.php?rest_route=\/wp\/v2\/types\/page"}],"author":[{"embeddable":true,"href":"https:\/\/wganalytics.com.br\/index.php?rest_route=\/wp\/v2\/users\/1"}],"replies":[{"embeddable":true,"href":"https:\/\/wganalytics.com.br\/index.php?rest_route=%2Fwp%2Fv2%2Fcomments&post=40"}],"version-history":[{"count":20,"href":"https:\/\/wganalytics.com.br\/index.php?rest_route=\/wp\/v2\/pages\/40\/revisions"}],"predecessor-version":[{"id":1035,"href":"https:\/\/wganalytics.com.br\/index.php?rest_route=\/wp\/v2\/pages\/40\/revisions\/1035"}],"wp:attachment":[{"href":"https:\/\/wganalytics.com.br\/index.php?rest_route=%2Fwp%2Fv2%2Fmedia&parent=40"}],"curies":[{"name":"wp","href":"https:\/\/api.w.org\/{rel}","templated":true}]}}